{"id":3649,"date":"2015-07-16T09:12:44","date_gmt":"2015-07-16T09:12:44","guid":{"rendered":"https:\/\/bartolomeibars.com\/?page_id=3649"},"modified":"2023-05-09T15:41:28","modified_gmt":"2023-05-09T15:41:28","slug":"bio","status":"publish","type":"page","link":"https:\/\/bartolomeibars.com\/ca\/bio","title":{"rendered":"Bio"},"content":{"rendered":"<div id='av-layout-grid-1'  class='av-layout-grid-container av-2ohiey-b30b4e081cad8ebd0ec6b7e4dcf3e97d entry-content-wrapper main_color av-flex-cells  avia-builder-el-0  el_before_av_one_half  avia-builder-el-first   container_wrap fullsize'  >\n\n<style type=\"text\/css\" data-created_by=\"avia_inline_auto\" id=\"style-css-av-2l1bqi-4f8ff745e9bfb5dd1e32026da11efb21\">\n.flex_cell.av-2l1bqi-4f8ff745e9bfb5dd1e32026da11efb21{\nvertical-align:top;\nheight:430px;\nmin-height:430px;\npadding:30px 30px 30px 30px;\n}\n<\/style>\n<div class='flex_cell av-2l1bqi-4f8ff745e9bfb5dd1e32026da11efb21 av-gridrow-cell av_one_half no_margin  avia-builder-el-1  el_before_av_cell_one_half  avia-builder-el-first  avia-full-stretch' ><div class='flex_cell_inner'>\n<style type=\"text\/css\" data-created_by=\"avia_inline_auto\" id=\"style-css-av-l6nhle23-eb5a1137849966a8842e0b60c1053f7a\">\n.avia-image-container.av-l6nhle23-eb5a1137849966a8842e0b60c1053f7a img.avia_image{\nbox-shadow:none;\n}\n.avia-image-container.av-l6nhle23-eb5a1137849966a8842e0b60c1053f7a .av-image-caption-overlay-center{\ncolor:#ffffff;\n}\n<\/style>\n<div  class='avia-image-container av-l6nhle23-eb5a1137849966a8842e0b60c1053f7a av-styling- avia-align-center  avia-builder-el-2  avia-builder-el-no-sibling '   itemprop=\"image\" itemscope=\"itemscope\" itemtype=\"https:\/\/schema.org\/ImageObject\" ><div class=\"avia-image-container-inner\"><div class=\"avia-image-overlay-wrap\"><img decoding=\"async\" class='wp-image- avia-img-lazy-loading-not- avia_image ' src=\"https:\/\/bartolomeibars.com\/wp-content\/uploads\/2022\/08\/Carles-bartolome-ibars-01-01.png\" alt='' title=''   itemprop=\"thumbnailUrl\"  \/><\/div><\/div><\/div>\n<\/div><\/div>\n<style type=\"text\/css\" data-created_by=\"avia_inline_auto\" id=\"style-css-av-8ty3u-9cc85cbed08676d8d7f12573ea085291\">\n.flex_cell.av-8ty3u-9cc85cbed08676d8d7f12573ea085291{\nvertical-align:middle;\nheight:430px;\nmin-height:430px;\npadding:30px 100px 30px 100px;\nbackground-color:#000000;\n}\n<\/style>\n<div class='flex_cell av-8ty3u-9cc85cbed08676d8d7f12573ea085291 av-gridrow-cell av_one_half no_margin  avia-builder-el-3  el_after_av_cell_one_half  avia-builder-el-last ' ><div class='flex_cell_inner'><p><section  class='av_textblock_section av-6ucy2-251b2bd73d18ff19d845e73f2558d395'  itemscope=\"itemscope\" itemtype=\"https:\/\/schema.org\/CreativeWork\" ><div class='avia_textblock'  itemprop=\"text\" ><p>L&#8217;estudi de les col\u00b7leccions d&#8217;art ha estat sempre una font de recursos i idees per a la creaci\u00f3 de les meves obres. Aix\u00ed, les llargues estades al Louvre (2000), a l&#8217;Alte and Neue Pinakotek (2004), la Galeria dels Ufizzi (2005), aix\u00ed com al Museu Arqueol\u00f2gic de Flor\u00e8ncia (2005) i al Museu de N\u00e0pols (2007) , van deixar, a m\u00e9s d&#8217;un gran nombre d&#8217;estudis d&#8217;obres d&#8217;art cl\u00e0ssiques, un vincle \u00edntim i personal amb elles.<\/p>\n<\/div><\/section><br \/>\n\n<style type=\"text\/css\" data-created_by=\"avia_inline_auto\" id=\"style-css-av-l62g45i5-9a905b8dac2f1d74c87b5b53184b19ba\">\n.avia-image-container.av-l62g45i5-9a905b8dac2f1d74c87b5b53184b19ba img.avia_image{\nbox-shadow:none;\n}\n.avia-image-container.av-l62g45i5-9a905b8dac2f1d74c87b5b53184b19ba .av-image-caption-overlay-center{\ncolor:#ffffff;\n}\n<\/style>\n<div  class='avia-image-container av-l62g45i5-9a905b8dac2f1d74c87b5b53184b19ba av-styling- avia-align-left  avia-builder-el-5  el_after_av_textblock  el_before_av_gallery '   itemprop=\"image\" itemscope=\"itemscope\" itemtype=\"https:\/\/schema.org\/ImageObject\" ><div class=\"avia-image-container-inner\"><div class=\"avia-image-overlay-wrap\"><img decoding=\"async\" class='wp-image- avia-img-lazy-loading-not- avia_image ' src=\"https:\/\/bartolomeibars.com\/wp-content\/uploads\/2022\/08\/LOGO-CARLES-pequeno-1.png\" alt='' title=''   itemprop=\"thumbnailUrl\"  \/><\/div><\/div><\/div><br \/>\n\n<style type=\"text\/css\" data-created_by=\"avia_inline_auto\" id=\"style-css-av-lfazevts-92cd1882525b96e36fd6a6413f2b01ea\">\n#top .avia-gallery.av-lfazevts-92cd1882525b96e36fd6a6413f2b01ea .avia-gallery-thumb a{\nwidth:50%;\n}\n<\/style>\n<div  class='avia-gallery av-lfazevts-92cd1882525b96e36fd6a6413f2b01ea avia_animate_when_visible  avia-builder-el-6  el_after_av_image  el_before_av_gallery  avia_lazyload avia-gallery-animate avia-gallery-1'  itemprop=\"image\" itemscope=\"itemscope\" itemtype=\"https:\/\/schema.org\/ImageObject\" ><meta itemprop=\"contentURL\" content=\"https:\/\/bartolomeibars.com\/ca\/bio\"><div class='avia-gallery-thumb'><a href=\"https:\/\/bartolomeibars.com\/wp-content\/uploads\/2023\/03\/british-museum-carles-bartolome-ibars-1030x646.jpg\" data-srcset=\"https:\/\/bartolomeibars.com\/wp-content\/uploads\/2023\/03\/british-museum-carles-bartolome-ibars-1030x646.jpg 1030w, https:\/\/bartolomeibars.com\/wp-content\/uploads\/2023\/03\/british-museum-carles-bartolome-ibars-300x188.jpg 300w, https:\/\/bartolomeibars.com\/wp-content\/uploads\/2023\/03\/british-museum-carles-bartolome-ibars-768x482.jpg 768w, https:\/\/bartolomeibars.com\/wp-content\/uploads\/2023\/03\/british-museum-carles-bartolome-ibars-1536x964.jpg 1536w, https:\/\/bartolomeibars.com\/wp-content\/uploads\/2023\/03\/british-museum-carles-bartolome-ibars-2048x1285.jpg 2048w, https:\/\/bartolomeibars.com\/wp-content\/uploads\/2023\/03\/british-museum-carles-bartolome-ibars-1500x941.jpg 1500w, https:\/\/bartolomeibars.com\/wp-content\/uploads\/2023\/03\/british-museum-carles-bartolome-ibars-705x442.jpg 705w\" data-sizes=\"(max-width: 1030px) 100vw, 1030px\" data-rel='gallery-1' data-prev-img='https:\/\/bartolomeibars.com\/wp-content\/uploads\/2023\/03\/british-museum-carles-bartolome-ibars-495x400.jpg' class='first_thumb lightbox ' data-onclick='1' title='british museum carles bartolome ibars'  itemprop=\"thumbnailUrl\"  ><img decoding=\"async\" class=\"wp-image-3461 avia-img-lazy-loading-not-3461\"   src=\"https:\/\/bartolomeibars.com\/wp-content\/uploads\/2023\/03\/british-museum-carles-bartolome-ibars-1500x941.jpg\" width=\"1500\" height=\"941\"  title='british museum carles bartolome ibars' alt='' srcset=\"https:\/\/bartolomeibars.com\/wp-content\/uploads\/2023\/03\/british-museum-carles-bartolome-ibars-1500x941.jpg 1500w, https:\/\/bartolomeibars.com\/wp-content\/uploads\/2023\/03\/british-museum-carles-bartolome-ibars-300x188.jpg 300w, https:\/\/bartolomeibars.com\/wp-content\/uploads\/2023\/03\/british-museum-carles-bartolome-ibars-1030x646.jpg 1030w, https:\/\/bartolomeibars.com\/wp-content\/uploads\/2023\/03\/british-museum-carles-bartolome-ibars-768x482.jpg 768w, https:\/\/bartolomeibars.com\/wp-content\/uploads\/2023\/03\/british-museum-carles-bartolome-ibars-1536x964.jpg 1536w, https:\/\/bartolomeibars.com\/wp-content\/uploads\/2023\/03\/british-museum-carles-bartolome-ibars-2048x1285.jpg 2048w, https:\/\/bartolomeibars.com\/wp-content\/uploads\/2023\/03\/british-museum-carles-bartolome-ibars-705x442.jpg 705w\" sizes=\"(max-width: 1500px) 100vw, 1500px\" \/><div class='big-prev-fake'><img loading=\"lazy\" decoding=\"async\" class=\"wp-image-3461 avia-img-lazy-loading-3461\"  width=\"495\" height=\"400\" src=\"https:\/\/bartolomeibars.com\/wp-content\/uploads\/2023\/03\/british-museum-carles-bartolome-ibars-495x400.jpg\" title='british museum carles bartolome ibars' alt='' srcset=\"https:\/\/bartolomeibars.com\/wp-content\/uploads\/2023\/03\/british-museum-carles-bartolome-ibars-495x400.jpg 495w, https:\/\/bartolomeibars.com\/wp-content\/uploads\/2023\/03\/british-museum-carles-bartolome-ibars-845x684.jpg 845w\" sizes=\"auto, (max-width: 495px) 100vw, 495px\" \/><\/div><\/a><a href=\"https:\/\/bartolomeibars.com\/wp-content\/uploads\/2023\/05\/carles-bartolome-ibars-louvre-1030x623.jpg\" data-srcset=\"https:\/\/bartolomeibars.com\/wp-content\/uploads\/2023\/05\/carles-bartolome-ibars-louvre-1030x623.jpg 1030w, https:\/\/bartolomeibars.com\/wp-content\/uploads\/2023\/05\/carles-bartolome-ibars-louvre-300x181.jpg 300w, https:\/\/bartolomeibars.com\/wp-content\/uploads\/2023\/05\/carles-bartolome-ibars-louvre-768x465.jpg 768w, https:\/\/bartolomeibars.com\/wp-content\/uploads\/2023\/05\/carles-bartolome-ibars-louvre-1536x929.jpg 1536w, https:\/\/bartolomeibars.com\/wp-content\/uploads\/2023\/05\/carles-bartolome-ibars-louvre-2048x1239.jpg 2048w, https:\/\/bartolomeibars.com\/wp-content\/uploads\/2023\/05\/carles-bartolome-ibars-louvre-1500x907.jpg 1500w, https:\/\/bartolomeibars.com\/wp-content\/uploads\/2023\/05\/carles-bartolome-ibars-louvre-705x426.jpg 705w\" data-sizes=\"(max-width: 1030px) 100vw, 1030px\" data-rel='gallery-1' data-prev-img='https:\/\/bartolomeibars.com\/wp-content\/uploads\/2023\/05\/carles-bartolome-ibars-louvre-495x400.jpg' class='lightbox ' data-onclick='2' title='carles bartolom\u00e9 ibars louvre'  itemprop=\"thumbnailUrl\"  ><img decoding=\"async\" class=\"wp-image-3528 avia-img-lazy-loading-not-3528\"   src=\"https:\/\/bartolomeibars.com\/wp-content\/uploads\/2023\/05\/carles-bartolome-ibars-louvre-1500x907.jpg\" width=\"1500\" height=\"907\"  title='carles bartolom\u00e9 ibars louvre' alt='' srcset=\"https:\/\/bartolomeibars.com\/wp-content\/uploads\/2023\/05\/carles-bartolome-ibars-louvre-1500x907.jpg 1500w, https:\/\/bartolomeibars.com\/wp-content\/uploads\/2023\/05\/carles-bartolome-ibars-louvre-300x181.jpg 300w, https:\/\/bartolomeibars.com\/wp-content\/uploads\/2023\/05\/carles-bartolome-ibars-louvre-1030x623.jpg 1030w, https:\/\/bartolomeibars.com\/wp-content\/uploads\/2023\/05\/carles-bartolome-ibars-louvre-768x465.jpg 768w, https:\/\/bartolomeibars.com\/wp-content\/uploads\/2023\/05\/carles-bartolome-ibars-louvre-1536x929.jpg 1536w, https:\/\/bartolomeibars.com\/wp-content\/uploads\/2023\/05\/carles-bartolome-ibars-louvre-2048x1239.jpg 2048w, https:\/\/bartolomeibars.com\/wp-content\/uploads\/2023\/05\/carles-bartolome-ibars-louvre-705x426.jpg 705w\" sizes=\"(max-width: 1500px) 100vw, 1500px\" \/><div class='big-prev-fake'><img loading=\"lazy\" decoding=\"async\" class=\"wp-image-3528 avia-img-lazy-loading-3528\"  width=\"495\" height=\"400\" src=\"https:\/\/bartolomeibars.com\/wp-content\/uploads\/2023\/05\/carles-bartolome-ibars-louvre-495x400.jpg\" title='carles bartolom\u00e9 ibars louvre' alt='' srcset=\"https:\/\/bartolomeibars.com\/wp-content\/uploads\/2023\/05\/carles-bartolome-ibars-louvre-495x400.jpg 495w, https:\/\/bartolomeibars.com\/wp-content\/uploads\/2023\/05\/carles-bartolome-ibars-louvre-845x684.jpg 845w\" sizes=\"auto, (max-width: 495px) 100vw, 495px\" \/><\/div><\/a><\/div><\/div><br \/>\n\n<style type=\"text\/css\" data-created_by=\"avia_inline_auto\" id=\"style-css-av-lfazhatp-bfae7d7902097dc9cb33082ded5dab69\">\n#top .avia-gallery.av-lfazhatp-bfae7d7902097dc9cb33082ded5dab69 .avia-gallery-thumb a{\nwidth:50%;\n}\n<\/style>\n<div  class='avia-gallery av-lfazhatp-bfae7d7902097dc9cb33082ded5dab69 avia_animate_when_visible  avia-builder-el-7  el_after_av_gallery  avia-builder-el-last  avia_lazyload avia-gallery-animate avia-gallery-2'  itemprop=\"image\" itemscope=\"itemscope\" itemtype=\"https:\/\/schema.org\/ImageObject\" ><meta itemprop=\"contentURL\" content=\"https:\/\/bartolomeibars.com\/ca\/bio\"><div class='avia-gallery-thumb'><a href=\"https:\/\/bartolomeibars.com\/wp-content\/uploads\/2023\/05\/IMG_6431-1030x687.jpeg\" data-srcset=\"https:\/\/bartolomeibars.com\/wp-content\/uploads\/2023\/05\/IMG_6431-1030x687.jpeg 1030w, https:\/\/bartolomeibars.com\/wp-content\/uploads\/2023\/05\/IMG_6431-300x200.jpeg 300w, https:\/\/bartolomeibars.com\/wp-content\/uploads\/2023\/05\/IMG_6431-768x513.jpeg 768w, https:\/\/bartolomeibars.com\/wp-content\/uploads\/2023\/05\/IMG_6431-1536x1025.jpeg 1536w, https:\/\/bartolomeibars.com\/wp-content\/uploads\/2023\/05\/IMG_6431-1500x1001.jpeg 1500w, https:\/\/bartolomeibars.com\/wp-content\/uploads\/2023\/05\/IMG_6431-705x471.jpeg 705w, https:\/\/bartolomeibars.com\/wp-content\/uploads\/2023\/05\/IMG_6431.jpeg 1723w\" data-sizes=\"(max-width: 1030px) 100vw, 1030px\" data-rel='gallery-2' data-prev-img='https:\/\/bartolomeibars.com\/wp-content\/uploads\/2023\/05\/IMG_6431-495x400.jpeg' class='first_thumb lightbox ' data-onclick='1' title='IMG_6431'  itemprop=\"thumbnailUrl\"  ><img decoding=\"async\" class=\"wp-image-3531 avia-img-lazy-loading-not-3531\"   src=\"https:\/\/bartolomeibars.com\/wp-content\/uploads\/2023\/05\/IMG_6431-1500x1001.jpeg\" width=\"1500\" height=\"1001\"  title='IMG_6431' alt='' srcset=\"https:\/\/bartolomeibars.com\/wp-content\/uploads\/2023\/05\/IMG_6431-1500x1001.jpeg 1500w, https:\/\/bartolomeibars.com\/wp-content\/uploads\/2023\/05\/IMG_6431-300x200.jpeg 300w, https:\/\/bartolomeibars.com\/wp-content\/uploads\/2023\/05\/IMG_6431-1030x687.jpeg 1030w, https:\/\/bartolomeibars.com\/wp-content\/uploads\/2023\/05\/IMG_6431-768x513.jpeg 768w, https:\/\/bartolomeibars.com\/wp-content\/uploads\/2023\/05\/IMG_6431-1536x1025.jpeg 1536w, https:\/\/bartolomeibars.com\/wp-content\/uploads\/2023\/05\/IMG_6431-705x471.jpeg 705w, https:\/\/bartolomeibars.com\/wp-content\/uploads\/2023\/05\/IMG_6431.jpeg 1723w\" sizes=\"(max-width: 1500px) 100vw, 1500px\" \/><div class='big-prev-fake'><img loading=\"lazy\" decoding=\"async\" class=\"wp-image-3531 avia-img-lazy-loading-3531\"  width=\"495\" height=\"400\" src=\"https:\/\/bartolomeibars.com\/wp-content\/uploads\/2023\/05\/IMG_6431-495x400.jpeg\" title='IMG_6431' alt='' srcset=\"https:\/\/bartolomeibars.com\/wp-content\/uploads\/2023\/05\/IMG_6431-495x400.jpeg 495w, https:\/\/bartolomeibars.com\/wp-content\/uploads\/2023\/05\/IMG_6431-845x684.jpeg 845w\" sizes=\"auto, (max-width: 495px) 100vw, 495px\" \/><\/div><\/a><a href=\"https:\/\/bartolomeibars.com\/wp-content\/uploads\/2023\/03\/ID-florencia-carles-bartolome-ibars-1030x621.jpg\" data-srcset=\"https:\/\/bartolomeibars.com\/wp-content\/uploads\/2023\/03\/ID-florencia-carles-bartolome-ibars-1030x621.jpg 1030w, https:\/\/bartolomeibars.com\/wp-content\/uploads\/2023\/03\/ID-florencia-carles-bartolome-ibars-300x181.jpg 300w, https:\/\/bartolomeibars.com\/wp-content\/uploads\/2023\/03\/ID-florencia-carles-bartolome-ibars-768x463.jpg 768w, https:\/\/bartolomeibars.com\/wp-content\/uploads\/2023\/03\/ID-florencia-carles-bartolome-ibars-1536x926.jpg 1536w, https:\/\/bartolomeibars.com\/wp-content\/uploads\/2023\/03\/ID-florencia-carles-bartolome-ibars-1500x904.jpg 1500w, https:\/\/bartolomeibars.com\/wp-content\/uploads\/2023\/03\/ID-florencia-carles-bartolome-ibars-705x425.jpg 705w, https:\/\/bartolomeibars.com\/wp-content\/uploads\/2023\/03\/ID-florencia-carles-bartolome-ibars.jpg 1800w\" data-sizes=\"(max-width: 1030px) 100vw, 1030px\" data-rel='gallery-2' data-prev-img='https:\/\/bartolomeibars.com\/wp-content\/uploads\/2023\/03\/ID-florencia-carles-bartolome-ibars-495x400.jpg' class='lightbox ' data-onclick='2' title='ID florencia carles bartolome ibars'  itemprop=\"thumbnailUrl\"  ><img decoding=\"async\" class=\"wp-image-3463 avia-img-lazy-loading-not-3463\"   src=\"https:\/\/bartolomeibars.com\/wp-content\/uploads\/2023\/03\/ID-florencia-carles-bartolome-ibars-1500x904.jpg\" width=\"1500\" height=\"904\"  title='ID florencia carles bartolome ibars' alt='' srcset=\"https:\/\/bartolomeibars.com\/wp-content\/uploads\/2023\/03\/ID-florencia-carles-bartolome-ibars-1500x904.jpg 1500w, https:\/\/bartolomeibars.com\/wp-content\/uploads\/2023\/03\/ID-florencia-carles-bartolome-ibars-300x181.jpg 300w, https:\/\/bartolomeibars.com\/wp-content\/uploads\/2023\/03\/ID-florencia-carles-bartolome-ibars-1030x621.jpg 1030w, https:\/\/bartolomeibars.com\/wp-content\/uploads\/2023\/03\/ID-florencia-carles-bartolome-ibars-768x463.jpg 768w, https:\/\/bartolomeibars.com\/wp-content\/uploads\/2023\/03\/ID-florencia-carles-bartolome-ibars-1536x926.jpg 1536w, https:\/\/bartolomeibars.com\/wp-content\/uploads\/2023\/03\/ID-florencia-carles-bartolome-ibars-705x425.jpg 705w, https:\/\/bartolomeibars.com\/wp-content\/uploads\/2023\/03\/ID-florencia-carles-bartolome-ibars.jpg 1800w\" sizes=\"(max-width: 1500px) 100vw, 1500px\" \/><div class='big-prev-fake'><img loading=\"lazy\" decoding=\"async\" class=\"wp-image-3463 avia-img-lazy-loading-3463\"  width=\"495\" height=\"400\" src=\"https:\/\/bartolomeibars.com\/wp-content\/uploads\/2023\/03\/ID-florencia-carles-bartolome-ibars-495x400.jpg\" title='ID florencia carles bartolome ibars' alt='' srcset=\"https:\/\/bartolomeibars.com\/wp-content\/uploads\/2023\/03\/ID-florencia-carles-bartolome-ibars-495x400.jpg 495w, https:\/\/bartolomeibars.com\/wp-content\/uploads\/2023\/03\/ID-florencia-carles-bartolome-ibars-845x684.jpg 845w\" sizes=\"auto, (max-width: 495px) 100vw, 495px\" \/><\/div><\/a><\/div><\/div><\/p>\n<\/div><\/div><\/div><div id='after_grid_row_1'  class='main_color av_default_container_wrap container_wrap fullsize'  ><div class='container av-section-cont-open' ><div class='template-page content  av-content-full alpha units'><div class='post-entry post-entry-type-page post-entry-3649'><div class='entry-content-wrapper clearfix'>\n<style type=\"text\/css\" data-created_by=\"avia_inline_auto\" id=\"style-css-av-14usq-f9f97e8bf0c201db66f624a39a789048\">\n.flex_column.av-14usq-f9f97e8bf0c201db66f624a39a789048{\n-webkit-border-radius:0px 0px 0px 0px;\n-moz-border-radius:0px 0px 0px 0px;\nborder-radius:0px 0px 0px 0px;\n}\n<\/style>\n<div class='flex_column av-14usq-f9f97e8bf0c201db66f624a39a789048 av_one_half  avia-builder-el-8  el_after_av_layout_row  el_before_av_one_half  avia-builder-el-first  first flex_column_div av-animated-generic bottom-to-top av-zero-column-padding '     ><section  class='av_textblock_section av-l6qeaqel-58ff2a076f6ba151929d631c0fbb78c5'  itemscope=\"itemscope\" itemtype=\"https:\/\/schema.org\/CreativeWork\" ><div class='avia_textblock'  itemprop=\"text\" ><h3><span style=\"color: #ffff99;\"><strong>FORMACI\u00d3 ACAD\u00c8MICA<\/strong><\/span><\/h3>\n<p>Llicenciatura en Dret<\/p>\n<p>Universidad Pompeu Fabra \u00a0Barcelona\u00a0<strong><span style=\"color: #ffffff;\">2001<\/span><\/strong><\/p>\n<p>Llicenciatura en Belles Arts<\/p>\n<p>Universidad de Barcelona\u00a0<strong><span style=\"color: #ffffff;\">2014<\/span><\/strong><\/p>\n<p>Postgrau &#8220;Dibuix del natural, nivel superior&#8221;.<\/p>\n<p>Universitat de Barcelona <strong><span style=\"color: #ffffff;\">2007<\/span><\/strong><\/p>\n<p>Cursos de dibuix EINA (Centre Universitari de Disseny i Art de Barcelona) <strong><span style=\"color: #ffffff;\">2005<\/span><\/strong><\/p>\n<p>Ajuntament de Monroyo (Curs de pintura al fresc) \u00a0<strong><span style=\"color: #ffffff;\">2005<\/span><\/strong><\/p>\n<\/div><\/section><\/div>\n<style type=\"text\/css\" data-created_by=\"avia_inline_auto\" id=\"style-css-av-8h5gi-8265adfd1257141ad4c9fe34764f1b1e\">\n.flex_column.av-8h5gi-8265adfd1257141ad4c9fe34764f1b1e{\n-webkit-border-radius:0px 0px 0px 0px;\n-moz-border-radius:0px 0px 0px 0px;\nborder-radius:0px 0px 0px 0px;\n}\n<\/style>\n<div class='flex_column av-8h5gi-8265adfd1257141ad4c9fe34764f1b1e av_one_half  avia-builder-el-10  el_after_av_one_half  avia-builder-el-last  flex_column_div av-animated-generic bottom-to-top av-zero-column-padding '     ><section  class='av_textblock_section av-l6qec2lj-e29854ac06c359534b0105ecfb63c74b'  itemscope=\"itemscope\" itemtype=\"https:\/\/schema.org\/CreativeWork\" ><div class='avia_textblock'  itemprop=\"text\" ><h3><span style=\"color: #ffff99;\"><strong>BEQUES<\/strong><\/span><\/h3>\n<p>Beques Erasmus. <strong><span style=\"color: #ffffff;\">1999<\/span><\/strong><\/p>\n<p><span style=\"color: #ffffff;\"><a style=\"color: #ffffff;\" href=\"http:\/\/fundacioguell.com\/carles-bartolome-ibars\/\">Beca de la Fundaci\u00f3n G\u00fcell. <strong><span style=\"color: #ffffff;\">2007<\/span><\/strong><\/a><\/span><\/p>\n<p>Reial Acad\u00e8mia d&#8217;Hist\u00f2ria i Art de Seg\u00f2via. <strong><span style=\"color: #ffffff;\">2008<\/span><\/strong><\/p>\n<p>(Curso para pintores jubilados)<\/p>\n<p>Beca Institut Ramon Llull. <strong><span style=\"color: #ffffff;\">2010<\/span><\/strong><\/p>\n<p>(Beca de mobilitat per a artistes. Dopo il Museu)<\/p>\n<\/div><\/section><\/div><\/p>\n","protected":false},"excerpt":{"rendered":"","protected":false},"author":1,"featured_media":0,"parent":0,"menu_order":0,"comment_status":"open","ping_status":"open","template":"","meta":{"footnotes":""},"class_list":["post-3649","page","type-page","status-publish","hentry"],"yoast_head":"<!-- This site is optimized with the Yoast SEO plugin v20.13 - https:\/\/yoast.com\/wordpress\/plugins\/seo\/ -->\n<title>Bio - Website artista Carles Bartolome Ibars<\/title>\n<meta name=\"robots\" content=\"index, follow, max-snippet:-1, max-image-preview:large, max-video-preview:-1\" \/>\n<link rel=\"canonical\" href=\"https:\/\/bartolomeibars.com\/ca\/bio\" \/>\n<meta property=\"og:locale\" content=\"en_US\" \/>\n<meta property=\"og:type\" content=\"article\" \/>\n<meta property=\"og:title\" content=\"Bio - Website artista Carles Bartolome Ibars\" \/>\n<meta property=\"og:url\" content=\"https:\/\/bartolomeibars.com\/ca\/bio\" \/>\n<meta property=\"og:site_name\" content=\"Website artista Carles Bartolome Ibars\" \/>\n<meta property=\"article:modified_time\" content=\"2023-05-09T15:41:28+00:00\" \/>\n<meta name=\"twitter:card\" content=\"summary_large_image\" \/>\n<meta name=\"twitter:label1\" content=\"Est. reading time\" \/>\n\t<meta name=\"twitter:data1\" content=\"3 minutes\" \/>\n<script type=\"application\/ld+json\" class=\"yoast-schema-graph\">{\"@context\":\"https:\/\/schema.org\",\"@graph\":[{\"@type\":\"WebPage\",\"@id\":\"https:\/\/bartolomeibars.com\/ca\/bio\",\"url\":\"https:\/\/bartolomeibars.com\/ca\/bio\",\"name\":\"Bio - Website artista Carles Bartolome Ibars\",\"isPartOf\":{\"@id\":\"https:\/\/bartolomeibars.com\/ca#website\"},\"datePublished\":\"2015-07-16T09:12:44+00:00\",\"dateModified\":\"2023-05-09T15:41:28+00:00\",\"breadcrumb\":{\"@id\":\"https:\/\/bartolomeibars.com\/ca\/bio#breadcrumb\"},\"inLanguage\":\"ca-CA\",\"potentialAction\":[{\"@type\":\"ReadAction\",\"target\":[\"https:\/\/bartolomeibars.com\/ca\/bio\"]}]},{\"@type\":\"BreadcrumbList\",\"@id\":\"https:\/\/bartolomeibars.com\/ca\/bio#breadcrumb\",\"itemListElement\":[{\"@type\":\"ListItem\",\"position\":1,\"name\":\"Portada\",\"item\":\"https:\/\/bartolomeibars.com\/ca\/inici\"},{\"@type\":\"ListItem\",\"position\":2,\"name\":\"Bio\"}]},{\"@type\":\"WebSite\",\"@id\":\"https:\/\/bartolomeibars.com\/ca#website\",\"url\":\"https:\/\/bartolomeibars.com\/ca\",\"name\":\"Website artista Carles Bartolome Ibars\",\"description\":\"Carles Bartolome Ibars. Artista Pl\u00e1stico-Pintor. Conoce su obra, trayectoria y proyectos internacionales. Una pintura de ra\u00edces cl\u00e1sicas que se contextualiza en el presente.\",\"potentialAction\":[{\"@type\":\"SearchAction\",\"target\":{\"@type\":\"EntryPoint\",\"urlTemplate\":\"https:\/\/bartolomeibars.com\/ca?s={search_term_string}\"},\"query-input\":\"required name=search_term_string\"}],\"inLanguage\":\"ca-CA\"}]}<\/script>\n<!-- \/ Yoast SEO plugin. -->","yoast_head_json":{"title":"Bio - Website artista Carles Bartolome Ibars","robots":{"index":"index","follow":"follow","max-snippet":"max-snippet:-1","max-image-preview":"max-image-preview:large","max-video-preview":"max-video-preview:-1"},"canonical":"https:\/\/bartolomeibars.com\/ca\/bio","og_locale":"en_US","og_type":"article","og_title":"Bio - Website artista Carles Bartolome Ibars","og_url":"https:\/\/bartolomeibars.com\/ca\/bio","og_site_name":"Website artista Carles Bartolome Ibars","article_modified_time":"2023-05-09T15:41:28+00:00","twitter_card":"summary_large_image","twitter_misc":{"Est. reading time":"3 minutes"},"schema":{"@context":"https:\/\/schema.org","@graph":[{"@type":"WebPage","@id":"https:\/\/bartolomeibars.com\/ca\/bio","url":"https:\/\/bartolomeibars.com\/ca\/bio","name":"Bio - Website artista Carles Bartolome Ibars","isPartOf":{"@id":"https:\/\/bartolomeibars.com\/ca#website"},"datePublished":"2015-07-16T09:12:44+00:00","dateModified":"2023-05-09T15:41:28+00:00","breadcrumb":{"@id":"https:\/\/bartolomeibars.com\/ca\/bio#breadcrumb"},"inLanguage":"ca-CA","potentialAction":[{"@type":"ReadAction","target":["https:\/\/bartolomeibars.com\/ca\/bio"]}]},{"@type":"BreadcrumbList","@id":"https:\/\/bartolomeibars.com\/ca\/bio#breadcrumb","itemListElement":[{"@type":"ListItem","position":1,"name":"Portada","item":"https:\/\/bartolomeibars.com\/ca\/inici"},{"@type":"ListItem","position":2,"name":"Bio"}]},{"@type":"WebSite","@id":"https:\/\/bartolomeibars.com\/ca#website","url":"https:\/\/bartolomeibars.com\/ca","name":"Website artista Carles Bartolome Ibars","description":"Carles Bartolome Ibars. Artista Pl\u00e1stico-Pintor. Conoce su obra, trayectoria y proyectos internacionales. Una pintura de ra\u00edces cl\u00e1sicas que se contextualiza en el presente.","potentialAction":[{"@type":"SearchAction","target":{"@type":"EntryPoint","urlTemplate":"https:\/\/bartolomeibars.com\/ca?s={search_term_string}"},"query-input":"required name=search_term_string"}],"inLanguage":"ca-CA"}]}},"_links":{"self":[{"href":"https:\/\/bartolomeibars.com\/ca\/wp-json\/wp\/v2\/pages\/3649","targetHints":{"allow":["GET"]}}],"collection":[{"href":"https:\/\/bartolomeibars.com\/ca\/wp-json\/wp\/v2\/pages"}],"about":[{"href":"https:\/\/bartolomeibars.com\/ca\/wp-json\/wp\/v2\/types\/page"}],"author":[{"embeddable":true,"href":"https:\/\/bartolomeibars.com\/ca\/wp-json\/wp\/v2\/users\/1"}],"replies":[{"embeddable":true,"href":"https:\/\/bartolomeibars.com\/ca\/wp-json\/wp\/v2\/comments?post=3649"}],"version-history":[{"count":2,"href":"https:\/\/bartolomeibars.com\/ca\/wp-json\/wp\/v2\/pages\/3649\/revisions"}],"predecessor-version":[{"id":3651,"href":"https:\/\/bartolomeibars.com\/ca\/wp-json\/wp\/v2\/pages\/3649\/revisions\/3651"}],"wp:attachment":[{"href":"https:\/\/bartolomeibars.com\/ca\/wp-json\/wp\/v2\/media?parent=3649"}],"curies":[{"name":"wp","href":"https:\/\/api.w.org\/{rel}","templated":true}]}}