{"id":2078,"date":"2015-07-16T09:12:51","date_gmt":"2015-07-16T09:12:51","guid":{"rendered":"https:\/\/bartolomeibars.com\/contacto"},"modified":"2023-02-24T18:54:01","modified_gmt":"2023-02-24T18:54:01","slug":"contact","status":"publish","type":"page","link":"https:\/\/bartolomeibars.com\/en\/contact","title":{"rendered":"Contact"},"content":{"rendered":"\n<style type=\"text\/css\" data-created_by=\"avia_inline_auto\" id=\"style-css-av-8754c-636faf032f3d88fb5ef9c940a4640995\">\n.flex_column.av-8754c-636faf032f3d88fb5ef9c940a4640995{\n-webkit-border-radius:0px 0px 0px 0px;\n-moz-border-radius:0px 0px 0px 0px;\nborder-radius:0px 0px 0px 0px;\n}\n<\/style>\n<div class='flex_column av-8754c-636faf032f3d88fb5ef9c940a4640995 av_one_half  avia-builder-el-0  el_before_av_one_half  avia-builder-el-first  first flex_column_div av-animated-generic bottom-to-top av-zero-column-padding '     ><p>\n<style type=\"text\/css\" data-created_by=\"avia_inline_auto\" id=\"style-css-av-20fn4c-36648f930a91e5cda0554b95c4e55d0c\">\n#top .av-special-heading.av-20fn4c-36648f930a91e5cda0554b95c4e55d0c{\npadding-bottom:10px;\n}\nbody .av-special-heading.av-20fn4c-36648f930a91e5cda0554b95c4e55d0c .av-special-heading-tag .heading-char{\nfont-size:25px;\n}\n.av-special-heading.av-20fn4c-36648f930a91e5cda0554b95c4e55d0c .av-subheading{\nfont-size:15px;\n}\n<\/style>\n<div  class='av-special-heading av-20fn4c-36648f930a91e5cda0554b95c4e55d0c av-special-heading-h3 blockquote modern-quote modern-centered  avia-builder-el-1  el_before_av_textblock  avia-builder-el-first '><h3 class='av-special-heading-tag'  itemprop=\"headline\"  >Let\u2019s talk <\/h3><div class=\"special-heading-border\"><div class=\"special-heading-inner-border\"><\/div><\/div><\/div><br \/>\n<section  class='av_textblock_section av-1x10ro-fdd61d7c81471384a23ec71852b0398f'  itemscope=\"itemscope\" itemtype=\"https:\/\/schema.org\/CreativeWork\" ><div class='avia_textblock'  itemprop=\"text\" ><p style=\"text-align: center;\">Plastic Artist-Painter. For collaborations or projects<\/p>\n<\/div><\/section><br \/>\n<form action=\"https:\/\/bartolomeibars.com\/en\/contact\" method=\"post\"  class=\"avia_ajax_form av-form-labels-hidden   avia-builder-el-3  el_after_av_textblock  avia-builder-el-last  av-custom-form-color av-light-form \" data-avia-form-id=\"1\" data-avia-redirect='' ><fieldset><p class='  first_form  form_element form_element_third' id='element_avia_1_1'><label for=\"avia_1_1\">Name <abbr class=\"required\" title=\"required\">*<\/abbr><\/label> <input name=\"avia_1_1\" class=\"text_input is_empty\" type=\"text\" id=\"avia_1_1\" value=\"\"  placeholder='Name*'\/><\/p><p class='  form_element form_element_third' id='element_avia_2_1'><label for=\"avia_2_1\">E-Mail <abbr class=\"required\" title=\"required\">*<\/abbr><\/label> <input name=\"avia_2_1\" class=\"text_input is_email\" type=\"text\" id=\"avia_2_1\" value=\"\"  placeholder='E-Mail*'\/><\/p><p class='  form_element form_element_third' id='element_avia_3_1'><label for=\"avia_3_1\">Subject <abbr class=\"required\" title=\"required\">*<\/abbr><\/label> <input name=\"avia_3_1\" class=\"text_input is_empty\" type=\"text\" id=\"avia_3_1\" value=\"\"  placeholder='Subject*'\/><\/p><p class='  first_form  form_element form_fullwidth av-last-visible-form-element' id='element_avia_4_1'><label for=\"avia_4_1\" class=\"textare_label hidden textare_label_avia_4_1\">Message <abbr class=\"required\" title=\"required\">*<\/abbr><\/label><textarea  placeholder='Message*' name=\"avia_4_1\" class=\"text_area is_empty\" cols=\"40\" rows=\"7\" id=\"avia_4_1\" ><\/textarea><\/p><p class=\"hidden\"><input type=\"text\" name=\"avia_5_1\" class=\"hidden \" id=\"avia_5_1\" value=\"\" \/><\/p><p class=\"form_element \"><input type=\"hidden\" value=\"1\" name=\"avia_generated_form1\" \/><input type=\"submit\" value=\"Send\" class=\"button\"  data-sending-label=\"Sending\"\/><\/p><\/fieldset><\/form><div id=\"ajaxresponse_1\" class=\"ajaxresponse ajaxresponse_1 hidden\"><\/div><\/p><\/div>\n\n<style type=\"text\/css\" data-created_by=\"avia_inline_auto\" id=\"style-css-av-2fzwvg-fb0c2dfd64c8bd6ba8e4fb9c189daa54\">\n.flex_column.av-2fzwvg-fb0c2dfd64c8bd6ba8e4fb9c189daa54{\n-webkit-border-radius:0px 0px 0px 0px;\n-moz-border-radius:0px 0px 0px 0px;\nborder-radius:0px 0px 0px 0px;\n}\n<\/style>\n<div class='flex_column av-2fzwvg-fb0c2dfd64c8bd6ba8e4fb9c189daa54 av_one_half  avia-builder-el-4  el_after_av_one_half  el_before_av_section  avia-builder-el-last  flex_column_div av-zero-column-padding '     ><p>\n<style type=\"text\/css\" data-created_by=\"avia_inline_auto\" id=\"style-css-av-leiw5plh-70d4a03842ea4218e037b53a25aa3a32\">\n#top .hr.hr-invisible.av-leiw5plh-70d4a03842ea4218e037b53a25aa3a32{\nheight:60px;\n}\n<\/style>\n<div  class='hr av-leiw5plh-70d4a03842ea4218e037b53a25aa3a32 hr-invisible  avia-builder-el-5  el_before_av_image  avia-builder-el-first '><span class='hr-inner '><span class=\"hr-inner-style\"><\/span><\/span><\/div><br \/>\n\n<style type=\"text\/css\" data-created_by=\"avia_inline_auto\" id=\"style-css-av-l6qegkx2-7baadd4207893429858257fde6b248d1\">\n.avia-image-container.av-l6qegkx2-7baadd4207893429858257fde6b248d1 img.avia_image{\nbox-shadow:none;\n}\n.avia-image-container.av-l6qegkx2-7baadd4207893429858257fde6b248d1 .av-image-caption-overlay-center{\ncolor:#ffffff;\n}\n<\/style>\n<div  class='avia-image-container av-l6qegkx2-7baadd4207893429858257fde6b248d1 av-styling- avia-align-right  avia-builder-el-6  el_after_av_hr  el_before_av_image '   itemprop=\"image\" itemscope=\"itemscope\" itemtype=\"https:\/\/schema.org\/ImageObject\" ><div class=\"avia-image-container-inner\"><div class=\"avia-image-overlay-wrap\"><img decoding=\"async\" class='wp-image- avia-img-lazy-loading-not- avia_image ' src=\"https:\/\/bartolomeibars.com\/wp-content\/uploads\/2022\/08\/COINTACTO-1-290x300.jpeg\" alt='' title=''   itemprop=\"thumbnailUrl\"  \/><\/div><\/div><\/div><br \/>\n\n<style type=\"text\/css\" data-created_by=\"avia_inline_auto\" id=\"style-css-av-l6qembkb-9da5b7a658ae3aff8a04064338aceba3\">\n.avia-image-container.av-l6qembkb-9da5b7a658ae3aff8a04064338aceba3 img.avia_image{\nbox-shadow:none;\n}\n.avia-image-container.av-l6qembkb-9da5b7a658ae3aff8a04064338aceba3 .av-image-caption-overlay-center{\ncolor:#ffffff;\n}\n<\/style>\n<div  class='avia-image-container av-l6qembkb-9da5b7a658ae3aff8a04064338aceba3 av-styling- avia-align-right  avia-builder-el-7  el_after_av_image  avia-builder-el-last '   itemprop=\"image\" itemscope=\"itemscope\" itemtype=\"https:\/\/schema.org\/ImageObject\" ><div class=\"avia-image-container-inner\"><div class=\"avia-image-overlay-wrap\"><img decoding=\"async\" class='wp-image- avia-img-lazy-loading-not- avia_image ' src=\"https:\/\/bartolomeibars.com\/wp-content\/uploads\/2022\/08\/LOGO-CARLES-pequeno-1.png\" alt='' title=''   itemprop=\"thumbnailUrl\"  \/><\/div><\/div><\/div><\/p><\/div><\/div><\/div><\/div><!-- close content main div --><\/div><\/div><div id='av_section_1'  class='avia-section av-1yq98s-6cf72212ce581045a7b3ace53389c97a main_color avia-section-large avia-no-border-styling  avia-builder-el-8  el_after_av_one_half  avia-builder-el-last  avia-bg-style-scroll container_wrap fullsize'  ><div class='container av-section-cont-open' ><div class='template-page content  av-content-full alpha units'><div class='post-entry post-entry-type-page post-entry-2078'><div class='entry-content-wrapper clearfix'>\n<div class='flex_column av-1kml0c-f75739bd728f6158304c8b1c820b3872 av_one_fifth  avia-builder-el-9  el_before_av_one_fifth  avia-builder-el-first  first flex_column_div '     ><\/div><div class='flex_column av-1elmto-35b348213552b3ff70f5fac976f8f972 av_one_fifth  avia-builder-el-10  el_after_av_one_fifth  el_before_av_one_fifth  flex_column_div '     ><style type=\"text\/css\" data-created_by=\"avia_inline_auto\" id=\"style-css-av-1a3g38-34eb488e34106d97b75312d01ceb4fff\">\n.avia-image-container.av-1a3g38-34eb488e34106d97b75312d01ceb4fff img.avia_image{\nbox-shadow:none;\n}\n.avia-image-container.av-1a3g38-34eb488e34106d97b75312d01ceb4fff .av-image-caption-overlay-center{\ncolor:#ffffff;\n}\n<\/style>\n<div  class='avia-image-container av-1a3g38-34eb488e34106d97b75312d01ceb4fff av-styling- av-hover-grow avia-align-center  avia-builder-el-11  avia-builder-el-no-sibling '   itemprop=\"image\" itemscope=\"itemscope\" itemtype=\"https:\/\/schema.org\/ImageObject\" ><div class=\"avia-image-container-inner\"><div class=\"avia-image-overlay-wrap\"><a href=\"https:\/\/www.facebook.com\/carles.bartolomeibars\" class='avia_image' ><img decoding=\"async\" class='wp-image- avia-img-lazy-loading-not- avia_image ' src=\"https:\/\/bartolomeibars.com\/wp-content\/uploads\/2022\/08\/RRSS-01-1-80x80.png\" alt='' title=''   itemprop=\"thumbnailUrl\"  \/><\/a><\/div><\/div><\/div><\/div><div class='flex_column av-12883o-e3493ce23a7ca89a9d27069e8b419773 av_one_fifth  avia-builder-el-12  el_after_av_one_fifth  el_before_av_one_fifth  flex_column_div '     ><style type=\"text\/css\" data-created_by=\"avia_inline_auto\" id=\"style-css-av-yomqk-d5c8209375c7b41fe5f1cc6791290fd3\">\n.avia-image-container.av-yomqk-d5c8209375c7b41fe5f1cc6791290fd3 img.avia_image{\nbox-shadow:none;\n}\n.avia-image-container.av-yomqk-d5c8209375c7b41fe5f1cc6791290fd3 .av-image-caption-overlay-center{\ncolor:#ffffff;\n}\n<\/style>\n<div  class='avia-image-container av-yomqk-d5c8209375c7b41fe5f1cc6791290fd3 av-styling- av-hover-grow avia_animated_image av-animated-when-visible-95 fade-in avia-align-center  avia-builder-el-13  avia-builder-el-no-sibling '   itemprop=\"image\" itemscope=\"itemscope\" itemtype=\"https:\/\/schema.org\/ImageObject\" ><div class=\"avia-image-container-inner\"><div class=\"avia-image-overlay-wrap\"><a href=\"https:\/\/www.instagram.com\/carlesbartolomeibars\/\" class='avia_image' ><img decoding=\"async\" class='wp-image- avia-img-lazy-loading-not- avia_image ' src=\"https:\/\/bartolomeibars.com\/wp-content\/uploads\/2022\/08\/RRSS-03-1-80x80.png\" alt='' title=''   itemprop=\"thumbnailUrl\"  \/><\/a><\/div><\/div><\/div><\/div><div class='flex_column av-r9xno-31315a34c924ecc296c1bf5650be7815 av_one_fifth  avia-builder-el-14  el_after_av_one_fifth  el_before_av_one_fifth  flex_column_div '     ><style type=\"text\/css\" data-created_by=\"avia_inline_auto\" id=\"style-css-av-253l0-71db8a4e7e171a55fbbe51fef6058a30\">\n.avia-image-container.av-253l0-71db8a4e7e171a55fbbe51fef6058a30 img.avia_image{\nbox-shadow:none;\n}\n.avia-image-container.av-253l0-71db8a4e7e171a55fbbe51fef6058a30 .av-image-caption-overlay-center{\ncolor:#ffffff;\n}\n<\/style>\n<div  class='avia-image-container av-253l0-71db8a4e7e171a55fbbe51fef6058a30 av-styling- av-hover-grow avia_animated_image av-animated-when-visible-95 fade-in avia-align-center  avia-builder-el-15  avia-builder-el-no-sibling '   itemprop=\"image\" itemscope=\"itemscope\" itemtype=\"https:\/\/schema.org\/ImageObject\" ><div class=\"avia-image-container-inner\"><div class=\"avia-image-overlay-wrap\"><a href=\"https:\/\/wa.me\/0034619105705\" class='avia_image' ><img decoding=\"async\" class='wp-image- avia-img-lazy-loading-not- avia_image ' src=\"https:\/\/bartolomeibars.com\/wp-content\/uploads\/2022\/08\/RRSS-02-1-80x80.png\" alt='' title=''   itemprop=\"thumbnailUrl\"  \/><\/a><\/div><\/div><\/div><\/div><div class='flex_column av-g0mlw-c862b17f859fc3a24193ab5049f5b470 av_one_fifth  avia-builder-el-16  el_after_av_one_fifth  el_before_av_one_full  flex_column_div '     ><\/div><div class='flex_column av-2669by-d082601cfb36a296b3174dba730de8ca av_one_full  avia-builder-el-17  el_after_av_one_fifth  el_before_av_hr  first flex_column_div column-top-margin'     ><section  class='av_textblock_section av-leiw0s7n-849f97e19c5af62a0a5b6a61fe37b871'  itemscope=\"itemscope\" itemtype=\"https:\/\/schema.org\/CreativeWork\" ><div class='avia_textblock'  itemprop=\"text\" ><p style=\"text-align: center;\"><span style=\"color: #ffffff;\">STUDIO: C\/ Antoni Cusid\u00f3 77, Sabadell (Barcelona) SPAIN<\/span><\/p>\n<p style=\"text-align: center;\"><span style=\"color: #ffffff;\">+34 619 105 705<\/span><\/p>\n<\/div><\/section><\/div>\n<style type=\"text\/css\" data-created_by=\"avia_inline_auto\" id=\"style-css-av-9np3g-f67848a3a0fa5e1723a4cf78d1235de6\">\n#top .hr.hr-invisible.av-9np3g-f67848a3a0fa5e1723a4cf78d1235de6{\nheight:50px;\n}\n<\/style>\n<div  class='hr av-9np3g-f67848a3a0fa5e1723a4cf78d1235de6 hr-invisible  avia-builder-el-19  el_after_av_one_full  avia-builder-el-last '><span class='hr-inner '><span class=\"hr-inner-style\"><\/span><\/span><\/div>\n<\/p>\n","protected":false},"excerpt":{"rendered":"","protected":false},"author":1,"featured_media":0,"parent":0,"menu_order":0,"comment_status":"open","ping_status":"open","template":"","meta":{"footnotes":""},"class_list":["post-2078","page","type-page","status-publish","hentry"],"yoast_head":"<!-- This site is optimized with the Yoast SEO plugin v20.13 - https:\/\/yoast.com\/wordpress\/plugins\/seo\/ -->\n<title>Contact - Website artista Carles Bartolome Ibars<\/title>\n<meta name=\"robots\" content=\"index, follow, max-snippet:-1, max-image-preview:large, max-video-preview:-1\" \/>\n<link rel=\"canonical\" href=\"https:\/\/bartolomeibars.com\/en\/contact\" \/>\n<meta property=\"og:locale\" content=\"en_US\" \/>\n<meta property=\"og:type\" content=\"article\" \/>\n<meta property=\"og:title\" content=\"Contact - Website artista Carles Bartolome Ibars\" \/>\n<meta property=\"og:url\" content=\"https:\/\/bartolomeibars.com\/en\/contact\" \/>\n<meta property=\"og:site_name\" content=\"Website artista Carles Bartolome Ibars\" \/>\n<meta property=\"article:modified_time\" content=\"2023-02-24T18:54:01+00:00\" \/>\n<meta name=\"twitter:card\" content=\"summary_large_image\" \/>\n<meta name=\"twitter:label1\" content=\"Est. reading time\" \/>\n\t<meta name=\"twitter:data1\" content=\"6 minutes\" \/>\n<script type=\"application\/ld+json\" class=\"yoast-schema-graph\">{\"@context\":\"https:\/\/schema.org\",\"@graph\":[{\"@type\":\"WebPage\",\"@id\":\"https:\/\/bartolomeibars.com\/en\/contact\",\"url\":\"https:\/\/bartolomeibars.com\/en\/contact\",\"name\":\"Contact - Website artista Carles Bartolome Ibars\",\"isPartOf\":{\"@id\":\"https:\/\/bartolomeibars.com\/en#website\"},\"datePublished\":\"2015-07-16T09:12:51+00:00\",\"dateModified\":\"2023-02-24T18:54:01+00:00\",\"breadcrumb\":{\"@id\":\"https:\/\/bartolomeibars.com\/en\/contact#breadcrumb\"},\"inLanguage\":\"en-US\",\"potentialAction\":[{\"@type\":\"ReadAction\",\"target\":[\"https:\/\/bartolomeibars.com\/en\/contact\"]}]},{\"@type\":\"BreadcrumbList\",\"@id\":\"https:\/\/bartolomeibars.com\/en\/contact#breadcrumb\",\"itemListElement\":[{\"@type\":\"ListItem\",\"position\":1,\"name\":\"Portada\",\"item\":\"https:\/\/bartolomeibars.com\/en?page_id=3734\"},{\"@type\":\"ListItem\",\"position\":2,\"name\":\"Contact\"}]},{\"@type\":\"WebSite\",\"@id\":\"https:\/\/bartolomeibars.com\/en#website\",\"url\":\"https:\/\/bartolomeibars.com\/en\",\"name\":\"Website artista Carles Bartolome Ibars\",\"description\":\"Carles Bartolome Ibars. Artista Pl\u00e1stico-Pintor. Conoce su obra, trayectoria y proyectos internacionales. Una pintura de ra\u00edces cl\u00e1sicas que se contextualiza en el presente.\",\"potentialAction\":[{\"@type\":\"SearchAction\",\"target\":{\"@type\":\"EntryPoint\",\"urlTemplate\":\"https:\/\/bartolomeibars.com\/en?s={search_term_string}\"},\"query-input\":\"required name=search_term_string\"}],\"inLanguage\":\"en-US\"}]}<\/script>\n<!-- \/ Yoast SEO plugin. -->","yoast_head_json":{"title":"Contact - Website artista Carles Bartolome Ibars","robots":{"index":"index","follow":"follow","max-snippet":"max-snippet:-1","max-image-preview":"max-image-preview:large","max-video-preview":"max-video-preview:-1"},"canonical":"https:\/\/bartolomeibars.com\/en\/contact","og_locale":"en_US","og_type":"article","og_title":"Contact - Website artista Carles Bartolome Ibars","og_url":"https:\/\/bartolomeibars.com\/en\/contact","og_site_name":"Website artista Carles Bartolome Ibars","article_modified_time":"2023-02-24T18:54:01+00:00","twitter_card":"summary_large_image","twitter_misc":{"Est. reading time":"6 minutes"},"schema":{"@context":"https:\/\/schema.org","@graph":[{"@type":"WebPage","@id":"https:\/\/bartolomeibars.com\/en\/contact","url":"https:\/\/bartolomeibars.com\/en\/contact","name":"Contact - Website artista Carles Bartolome Ibars","isPartOf":{"@id":"https:\/\/bartolomeibars.com\/en#website"},"datePublished":"2015-07-16T09:12:51+00:00","dateModified":"2023-02-24T18:54:01+00:00","breadcrumb":{"@id":"https:\/\/bartolomeibars.com\/en\/contact#breadcrumb"},"inLanguage":"en-US","potentialAction":[{"@type":"ReadAction","target":["https:\/\/bartolomeibars.com\/en\/contact"]}]},{"@type":"BreadcrumbList","@id":"https:\/\/bartolomeibars.com\/en\/contact#breadcrumb","itemListElement":[{"@type":"ListItem","position":1,"name":"Portada","item":"https:\/\/bartolomeibars.com\/en?page_id=3734"},{"@type":"ListItem","position":2,"name":"Contact"}]},{"@type":"WebSite","@id":"https:\/\/bartolomeibars.com\/en#website","url":"https:\/\/bartolomeibars.com\/en","name":"Website artista Carles Bartolome Ibars","description":"Carles Bartolome Ibars. Artista Pl\u00e1stico-Pintor. Conoce su obra, trayectoria y proyectos internacionales. Una pintura de ra\u00edces cl\u00e1sicas que se contextualiza en el presente.","potentialAction":[{"@type":"SearchAction","target":{"@type":"EntryPoint","urlTemplate":"https:\/\/bartolomeibars.com\/en?s={search_term_string}"},"query-input":"required name=search_term_string"}],"inLanguage":"en-US"}]}},"_links":{"self":[{"href":"https:\/\/bartolomeibars.com\/en\/wp-json\/wp\/v2\/pages\/2078","targetHints":{"allow":["GET"]}}],"collection":[{"href":"https:\/\/bartolomeibars.com\/en\/wp-json\/wp\/v2\/pages"}],"about":[{"href":"https:\/\/bartolomeibars.com\/en\/wp-json\/wp\/v2\/types\/page"}],"author":[{"embeddable":true,"href":"https:\/\/bartolomeibars.com\/en\/wp-json\/wp\/v2\/users\/1"}],"replies":[{"embeddable":true,"href":"https:\/\/bartolomeibars.com\/en\/wp-json\/wp\/v2\/comments?post=2078"}],"version-history":[{"count":11,"href":"https:\/\/bartolomeibars.com\/en\/wp-json\/wp\/v2\/pages\/2078\/revisions"}],"predecessor-version":[{"id":2483,"href":"https:\/\/bartolomeibars.com\/en\/wp-json\/wp\/v2\/pages\/2078\/revisions\/2483"}],"wp:attachment":[{"href":"https:\/\/bartolomeibars.com\/en\/wp-json\/wp\/v2\/media?parent=2078"}],"curies":[{"name":"wp","href":"https:\/\/api.w.org\/{rel}","templated":true}]}}